{"id":1871,"date":"2023-04-06T15:39:12","date_gmt":"2023-04-06T13:39:12","guid":{"rendered":"https:\/\/conceito.eu\/?page_id=1871"},"modified":"2024-02-08T12:11:11","modified_gmt":"2024-02-08T11:11:11","slug":"business-data-analytics","status":"publish","type":"page","link":"https:\/\/conceito.eu\/en\/business-data-analytics\/","title":{"rendered":"Business Data Analytics"},"content":{"rendered":"<div class=\"wpb-content-wrapper\"><p>[vc_row css_animation=&#8221;&#8221; row_type=&#8221;row&#8221; use_row_as_full_screen_section=&#8221;no&#8221; type=&#8221;grid&#8221; angled_section=&#8221;no&#8221; text_align=&#8221;left&#8221; background_image_as_pattern=&#8221;without_pattern&#8221; padding_top=&#8221;100&#8243; z_index=&#8221;&#8221;][vc_column][vc_row_inner row_type=&#8221;row&#8221; type=&#8221;grid&#8221; text_align=&#8221;left&#8221; css_animation=&#8221;&#8221; padding_bottom=&#8221;30&#8243; el_class=&#8221;.qode-responsive-space&#8221; background_color=&#8221;#000000&#8243; css=&#8221;.vc_custom_1663056597032{padding-top: 20px !important;padding-bottom: 40px !important;padding-left: 20px !important;}&#8221;][vc_column_inner css=&#8221;.vc_custom_1663085112221{padding-right: 60px !important;padding-left: 40px !important;}&#8221;][vc_column_text]<img loading=\"lazy\" decoding=\"async\" class=\"alignnone wp-image-1429 size-full\" src=\"https:\/\/conceito.eu\/wp-content\/uploads\/2023\/04\/CTO_Website_Shooting_Mid-20_quer.jpg\" alt=\"\" width=\"1920\" height=\"800\" srcset=\"https:\/\/conceito.eu\/wp-content\/uploads\/2023\/04\/CTO_Website_Shooting_Mid-20_quer.jpg 1920w, https:\/\/conceito.eu\/wp-content\/uploads\/2023\/04\/CTO_Website_Shooting_Mid-20_quer-300x125.jpg 300w, https:\/\/conceito.eu\/wp-content\/uploads\/2023\/04\/CTO_Website_Shooting_Mid-20_quer-1024x427.jpg 1024w, https:\/\/conceito.eu\/wp-content\/uploads\/2023\/04\/CTO_Website_Shooting_Mid-20_quer-768x320.jpg 768w, https:\/\/conceito.eu\/wp-content\/uploads\/2023\/04\/CTO_Website_Shooting_Mid-20_quer-1536x640.jpg 1536w, https:\/\/conceito.eu\/wp-content\/uploads\/2023\/04\/CTO_Website_Shooting_Mid-20_quer-700x292.jpg 700w\" sizes=\"auto, (max-width: 1920px) 100vw, 1920px\" \/>[\/vc_column_text][\/vc_column_inner][\/vc_row_inner][\/vc_column][\/vc_row][vc_row css_animation=&#8221;&#8221; row_type=&#8221;row&#8221; use_row_as_full_screen_section=&#8221;no&#8221; type=&#8221;grid&#8221; angled_section=&#8221;no&#8221; text_align=&#8221;center&#8221; background_image_as_pattern=&#8221;without_pattern&#8221; padding_top=&#8221;185&#8243; css=&#8221;.vc_custom_1663061621747{margin-top: -150px !important;background-color: #111111 !important;}&#8221; z_index=&#8221;&#8221;][vc_column][vc_row_inner row_type=&#8221;row&#8221; type=&#8221;grid&#8221; text_align=&#8221;left&#8221; css_animation=&#8221;&#8221; el_class=&#8221;.qode-responsive-space&#8221;][vc_column_inner el_class=&#8221;conceito-toggle-red&#8221; width=&#8221;1\/2&#8243;]<div class=\"qode-accordion-holder clearfix qode-toggle qode-initial \">\n\t<h4 class=\"clearfix qode-title-holder\">\n<span class=\"qode-tab-title\">\n\t\t\t<span class=\"qode-tab-title-icon\">\n\t\t\t<i class=\"qode_icon_font_awesome fa fa-arrow-circle-right \" ><\/i>\t\t<\/span>\n\t    <span class=\"qode-tab-title-inner\">\n        Service Product    <\/span>\n<\/span>\n<span class=\"qode-accordion-mark\">\n    <span class=\"qode-accordion-mark-icon\">\n        <span class=\"icon_plus\"><\/span>\n        <span class=\"icon_minus-06\"><\/span>\n    <\/span>\n<\/span>\n<\/h4>\n<div  class=\"qode-accordion-content qode-acc-title-with-icon\" style=\"padding: 5px 31px 52px 41px\">\n    <div class=\"qode-accordion-content-inner\">\n        <div class=\"q_icon_list\"><p style=\"color:#ffffff;font-size: 18px;font-weight: 300;\">Thanks to digitalisation and cloud computing, data from various servers and databases can be provided in one central location. Many manual steps required for data preparation and provisioning can be automated. As a result, various reports can be dynamically generated, and live data can be automatically visualised.<\/p><\/div><div class=\"q_icon_list\"><p style=\"color:#ffffff;font-size: 18px;font-weight: 300;\">We have expert knowledge in data analysis, automation and process management as well as a solid understanding of how data and systems operate and interact with each other.<\/p><\/div><div class=\"q_icon_list\"><p style=\"color:#ffffff;font-size: 18px;font-weight: 300;\">We support you in the technical implementation and professional analysis of the data, thereby creating transparency and revealing correlations that were previously invisible.<\/p><\/div>    <\/div>\n<\/div><\/div>[\/vc_column_inner][vc_column_inner el_class=&#8221;conceito-toggle&#8221; width=&#8221;1\/2&#8243;]<div class=\"qode-accordion-holder clearfix qode-toggle qode-initial \">\n\t<h4 class=\"clearfix qode-title-holder\">\n<span class=\"qode-tab-title\">\n\t\t\t<span class=\"qode-tab-title-icon\">\n\t\t\t<i class=\"qode_icon_font_awesome fa fa-arrow-circle-right \" ><\/i>\t\t<\/span>\n\t    <span class=\"qode-tab-title-inner\">\n        Services    <\/span>\n<\/span>\n<span class=\"qode-accordion-mark\">\n    <span class=\"qode-accordion-mark-icon\">\n        <span class=\"icon_plus\"><\/span>\n        <span class=\"icon_minus-06\"><\/span>\n    <\/span>\n<\/span>\n<\/h4>\n<div  class=\"qode-accordion-content qode-acc-title-with-icon\" style=\"padding: 5px 31px 52px 41px\">\n    <div class=\"qode-accordion-content-inner\">\n        <div class=\"q_icon_list\"><p style=\"color:#ffffff;font-size: 18px;font-weight: 300;\">You receive answers to questions such as:<\/p><\/div><div class=\"q_icon_list\"><i class=\"qode_icon_font_awesome fa fa-circle qode-ili-icon-holder transparent\" style=\"font-size: 9px;color: #ffffff;\" ><\/i><p style=\"color:#ffffff;font-size: 18px;font-weight: 300;\">How intensively are your products used by the target groups?<\/p><\/div><div class=\"q_icon_list\"><i class=\"qode_icon_font_awesome fa fa-circle qode-ili-icon-holder transparent\" style=\"font-size: 9px;color: #ffffff;\" ><\/i><p style=\"color:#ffffff;font-size: 18px;font-weight: 300;\">Where are your products used?<\/p><\/div><div class=\"q_icon_list\"><i class=\"qode_icon_font_awesome fa fa-circle qode-ili-icon-holder transparent\" style=\"font-size: 9px;color: #ffffff;\" ><\/i><p style=\"color:#ffffff;font-size: 18px;font-weight: 300;\">Are your products used differently in different markets? If so, why is it happening?<\/p><\/div><div class=\"q_icon_list\"><i class=\"qode_icon_font_awesome fa fa-circle qode-ili-icon-holder transparent\" style=\"font-size: 9px;color: #ffffff;\" ><\/i><p style=\"color:#ffffff;font-size: 18px;font-weight: 300;\">How satisfied are the target groups with your products?<\/p><\/div><div class=\"q_icon_list\"><i class=\"qode_icon_font_awesome fa fa-circle qode-ili-icon-holder transparent\" style=\"font-size: 9px;color: #ffffff;\" ><\/i><p style=\"color:#ffffff;font-size: 18px;font-weight: 300;\">Do you meet the needs of the target groups?<\/p><\/div><div class=\"q_icon_list\"><p style=\"color:#ffffff;font-size: 18px;font-weight: 300;\">Based on the answers, we help you define and evaluate product- or app-specific KPIs.<\/p><\/div>    <\/div>\n<\/div><\/div>[\/vc_column_inner][\/vc_row_inner][vc_empty_space height=&#8221;30px&#8221;][vc_row_inner row_type=&#8221;row&#8221; type=&#8221;grid&#8221; text_align=&#8221;left&#8221; css_animation=&#8221;&#8221; el_class=&#8221;.qode-responsive-space&#8221;][vc_column_inner el_class=&#8221;conceito-toggle&#8221; width=&#8221;1\/2&#8243;]<div class=\"qode-accordion-holder clearfix qode-toggle qode-initial \">\n\t<h4 class=\"clearfix qode-title-holder\">\n<span class=\"qode-tab-title\">\n\t\t\t<span class=\"qode-tab-title-icon\">\n\t\t\t<i class=\"qode_icon_font_awesome fa fa-arrow-circle-right \" ><\/i>\t\t<\/span>\n\t    <span class=\"qode-tab-title-inner\">\n        Our approach    <\/span>\n<\/span>\n<span class=\"qode-accordion-mark\">\n    <span class=\"qode-accordion-mark-icon\">\n        <span class=\"icon_plus\"><\/span>\n        <span class=\"icon_minus-06\"><\/span>\n    <\/span>\n<\/span>\n<\/h4>\n<div  class=\"qode-accordion-content qode-acc-title-with-icon\" style=\"padding: 5px 31px 52px 41px\">\n    <div class=\"qode-accordion-content-inner\">\n        <div class=\"q_icon_list\"><p style=\"color:#ffffff;font-size: 18px;font-weight: 400;\">In phase 1:<\/p><\/div><div class=\"q_icon_list\"><i class=\"qode_icon_font_awesome fa fa-circle qode-ili-icon-holder transparent\" style=\"font-size: 9px;color: #ffffff;\" ><\/i><p style=\"color:#ffffff;font-size: 18px;font-weight: 300;\">Technical analysis of the current situation<\/p><\/div><div class=\"q_icon_list\"><i class=\"qode_icon_font_awesome fa fa-circle qode-ili-icon-holder transparent\" style=\"font-size: 9px;color: #ffffff;\" ><\/i><p style=\"color:#ffffff;font-size: 18px;font-weight: 300;\">Creation of a cross-product concept for automation of data collection<\/p><\/div><div class=\"q_icon_list\"><i class=\"qode_icon_font_awesome fa fa-circle qode-ili-icon-holder transparent\" style=\"font-size: 9px;color: #ffffff;\" ><\/i><p style=\"color:#ffffff;font-size: 18px;font-weight: 300;\">Project priorities definition<\/p><\/div>[vc_empty_space height=&#8221;20&#8243;]<div class=\"q_icon_list\"><p style=\"color:#ffffff;font-size: 18px;font-weight: 400;\">In phase 2:<\/p><\/div><div class=\"q_icon_list\"><i class=\"qode_icon_font_awesome fa fa-circle qode-ili-icon-holder transparent\" style=\"font-size: 9px;color: #ffffff;\" ><\/i><p style=\"color:#ffffff;font-size: 18px;font-weight: 300;\">Technical support for the implementation<\/p><\/div><div class=\"q_icon_list\"><i class=\"qode_icon_font_awesome fa fa-circle qode-ili-icon-holder transparent\" style=\"font-size: 9px;color: #ffffff;\" ><\/i><p style=\"color:#ffffff;font-size: 18px;font-weight: 300;\">Specification of interfaces for data migration to the cloud<\/p><\/div><div class=\"q_icon_list\"><i class=\"qode_icon_font_awesome fa fa-circle qode-ili-icon-holder transparent\" style=\"font-size: 9px;color: #ffffff;\" ><\/i><p style=\"color:#ffffff;font-size: 18px;font-weight: 300;\">Data preparation (transfer to a standardised data format that allows you to compare information from different sources)<\/p><\/div><div class=\"q_icon_list\"><i class=\"qode_icon_font_awesome fa fa-circle qode-ili-icon-holder transparent\" style=\"font-size: 9px;color: #ffffff;\" ><\/i><p style=\"color:#ffffff;font-size: 18px;font-weight: 300;\">Evaluation and optimisation of processes<\/p><\/div><div class=\"q_icon_list\"><i class=\"qode_icon_font_awesome fa fa-circle qode-ili-icon-holder transparent\" style=\"font-size: 9px;color: #ffffff;\" ><\/i><p style=\"color:#ffffff;font-size: 18px;font-weight: 300;\">Incorporating feedback received from the target groups in the further course of the project<\/p><\/div>    <\/div>\n<\/div><\/div>[\/vc_column_inner][vc_column_inner el_class=&#8221;conceito-toggle&#8221; width=&#8221;1\/2&#8243;]<div class=\"qode-accordion-holder clearfix qode-toggle qode-initial \">\n\t<h4 class=\"clearfix qode-title-holder\">\n<span class=\"qode-tab-title\">\n\t\t\t<span class=\"qode-tab-title-icon\">\n\t\t\t<i class=\"qode_icon_font_awesome fa fa-arrow-circle-right \" ><\/i>\t\t<\/span>\n\t    <span class=\"qode-tab-title-inner\">\n        Added value    <\/span>\n<\/span>\n<span class=\"qode-accordion-mark\">\n    <span class=\"qode-accordion-mark-icon\">\n        <span class=\"icon_plus\"><\/span>\n        <span class=\"icon_minus-06\"><\/span>\n    <\/span>\n<\/span>\n<\/h4>\n<div  class=\"qode-accordion-content qode-acc-title-with-icon\" style=\"padding: 5px 31px 52px 41px\">\n    <div class=\"qode-accordion-content-inner\">\n        <div class=\"q_icon_list\"><p style=\"color:#ffffff;font-size: 18px;font-weight: 300;\">Once the implementation of the project is completed, you will have an empirical foundation that lets you evaluate how your products are used.<\/p><\/div><div class=\"q_icon_list\"><p style=\"color:#ffffff;font-size: 18px;font-weight: 300;\">This knowledge will help you make informed decisions both for the current portfolio and for your future business models.<\/p><\/div>    <\/div>\n<\/div><\/div>[\/vc_column_inner][\/vc_row_inner][\/vc_column][\/vc_row][vc_row css_animation=&#8221;&#8221; row_type=&#8221;row&#8221; use_row_as_full_screen_section=&#8221;no&#8221; type=&#8221;full_width&#8221; angled_section=&#8221;no&#8221; text_align=&#8221;left&#8221; background_image_as_pattern=&#8221;without_pattern&#8221; css=&#8221;.vc_custom_1637230260995{background-image: url(https:\/\/conceito.eu\/wp-content\/uploads\/2021\/11\/background-223.png?id=333) !important;}&#8221; z_index=&#8221;&#8221;][vc_column offset=&#8221;vc_hidden-lg vc_hidden-md vc_hidden-sm vc_hidden-xs&#8221;][vc_row_inner row_type=&#8221;row&#8221; type=&#8221;grid&#8221; text_align=&#8221;left&#8221; css_animation=&#8221;&#8221;][vc_column_inner width=&#8221;1\/6&#8243;][\/vc_column_inner][vc_column_inner width=&#8221;2\/3&#8243;][vc_empty_space height=&#8221;140px&#8221;][vc_column_text]<\/p>\n<h1 style=\"text-align: center;\"><strong>conceito GmbH<\/strong><\/h1>\n<p>[\/vc_column_text][vc_empty_space height=&#8221;12px&#8221;][vc_separator type=&#8221;small&#8221; position=&#8221;center&#8221; color=&#8221;#b4182c&#8221; thickness=&#8221;5&#8243; width=&#8221;98&#8243;][vc_empty_space height=&#8221;30px&#8221;][vc_column_text]Fragen, Anregungen oder Lust auf ein pers\u00f6nliches Gespr\u00e4ch? Wir freuen uns \u00fcber Ihre Nachricht. [\/vc_column_text][vc_empty_space height=&#8221;30px&#8221;][vc_empty_space height=&#8221;140px&#8221;][\/vc_column_inner][vc_column_inner width=&#8221;1\/6&#8243;][\/vc_column_inner][\/vc_row_inner][\/vc_column][\/vc_row][vc_row css_animation=&#8221;&#8221; row_type=&#8221;row&#8221; use_row_as_full_screen_section=&#8221;no&#8221; type=&#8221;full_width&#8221; angled_section=&#8221;no&#8221; text_align=&#8221;left&#8221; background_image_as_pattern=&#8221;without_pattern&#8221;][vc_column offset=&#8221;vc_hidden-lg vc_hidden-md vc_hidden-sm vc_hidden-xs&#8221;]<div class='testimonials_holder clearfix '><div class=\"testimonials testimonials_carousel\" data-show-navigation=\"no\" data-animation-type=\"fade\" data-animation-speed=\"\" data-auto-rotate-slides=\"3\" data-number-per-slide=\"1\"><ul class=\"slides\"><li id=\"testimonials1919\" class=\"testimonial_content\"><div class=\"testimonial_content_inner\"><div class=\"testimonial_text_holder\"><div class=\"testimonial_text_inner\" style=\"color: #ffffff;\"><p style=\"color:#ffffff\">\"We are very satisfied with our collaboration with conceito. conceito quickly understood and implemented our requirements for load carrier management. We are convinced that the LCM will very quickly save us money in load carriers management and that the solution will be paid off in less than a year.\"<\/p><p class=\"testimonial_author\" style=\"color: #ffffff;font-size: 22px;\">Marcel Krautenbacher, Project manager, SILOKING<\/p><\/div><\/div><\/div><\/li><li id=\"testimonials1918\" class=\"testimonial_content\"><div class=\"testimonial_content_inner\"><div class=\"testimonial_text_holder\"><div class=\"testimonial_text_inner\" style=\"color: #ffffff;\"><p style=\"color:#ffffff\">\"We have chosen conceito because their consultants had knowledge of logistical processes and were able to find a solution that perfectly addressed our problem - we were at the centre of the work. conceito regularly coordinated the interim results with us so that we always knew that the planning was going in the right direction.\"<\/p><p class=\"testimonial_author\" style=\"color: #ffffff;font-size: 22px;\">Hans-J\u00fcrgen Wehner, Assistant to the Management Board, PFEIFFER &amp; MAY<\/p><\/div><\/div><\/div><\/li><li id=\"testimonials1917\" class=\"testimonial_content\"><div class=\"testimonial_content_inner\"><div class=\"testimonial_text_holder\"><div class=\"testimonial_text_inner\" style=\"color: #ffffff;\"><p style=\"color:#ffffff\">\"The collaboration with conceito was always a trusting relationship with an open and transparent communication. In addition, all contact persons were always available and flexible. That made our project work fun! The approach was very solution-oriented and precisely tailored to our needs, which allowed us to achieve the expected result. To summarise: this was a project work with a partner at eye level. Even the most complex and non-obvious issues were explained in an understandable way to non-technicians.\"<\/p><p class=\"testimonial_author\" style=\"color: #ffffff;font-size: 22px;\">Jonas Winrich, Deputy project manager, Kverneland<\/p><\/div><\/div><\/div><\/li><\/ul><\/div><\/div>[\/vc_column][\/vc_row][vc_row css_animation=&#8221;&#8221; row_type=&#8221;row&#8221; use_row_as_full_screen_section=&#8221;no&#8221; type=&#8221;full_width&#8221; angled_section=&#8221;no&#8221; text_align=&#8221;left&#8221; background_image_as_pattern=&#8221;without_pattern&#8221;][vc_column][vc_empty_space height=&#8221;130px&#8221;][\/vc_column][\/vc_row]<\/p><\/div>","protected":false},"excerpt":{"rendered":"<p>[vc_row css_animation=&#8221;&#8221; row_type=&#8221;row&#8221; use_row_as_full_screen_section=&#8221;no&#8221; type=&#8221;grid&#8221; angled_section=&#8221;no&#8221; text_align=&#8221;left&#8221; background_image_as_pattern=&#8221;without_pattern&#8221; padding_top=&#8221;100&#8243; z_index=&#8221;&#8221;][vc_column][vc_row_inner row_type=&#8221;row&#8221; type=&#8221;grid&#8221; text_align=&#8221;left&#8221; css_animation=&#8221;&#8221; padding_bottom=&#8221;30&#8243; el_class=&#8221;.qode-responsive-space&#8221; background_color=&#8221;#000000&#8243; css=&#8221;.vc_custom_1663056597032{padding-top: 20px !important;padding-bottom: 40px !important;padding-left: 20px !important;}&#8221;][vc_column_inner css=&#8221;.vc_custom_1663085112221{padding-right: 60px !important;padding-left: 40px !important;}&#8221;][vc_column_text][\/vc_column_text][\/vc_column_inner][\/vc_row_inner][\/vc_column][\/vc_row][vc_row css_animation=&#8221;&#8221; row_type=&#8221;row&#8221; use_row_as_full_screen_section=&#8221;no&#8221; type=&#8221;grid&#8221; angled_section=&#8221;no&#8221; text_align=&#8221;center&#8221; background_image_as_pattern=&#8221;without_pattern&#8221; padding_top=&#8221;185&#8243; css=&#8221;.vc_custom_1663061621747{margin-top: -150px !important;background-color: #111111 !important;}&#8221; z_index=&#8221;&#8221;][vc_column][vc_row_inner row_type=&#8221;row&#8221; type=&#8221;grid&#8221;&#8230;<\/p>\n","protected":false},"author":6,"featured_media":0,"parent":0,"menu_order":0,"comment_status":"closed","ping_status":"closed","template":"full_width.php","meta":{"footnotes":""},"class_list":["post-1871","page","type-page","status-publish","hentry"],"_links":{"self":[{"href":"https:\/\/conceito.eu\/en\/wp-json\/wp\/v2\/pages\/1871","targetHints":{"allow":["GET"]}}],"collection":[{"href":"https:\/\/conceito.eu\/en\/wp-json\/wp\/v2\/pages"}],"about":[{"href":"https:\/\/conceito.eu\/en\/wp-json\/wp\/v2\/types\/page"}],"author":[{"embeddable":true,"href":"https:\/\/conceito.eu\/en\/wp-json\/wp\/v2\/users\/6"}],"replies":[{"embeddable":true,"href":"https:\/\/conceito.eu\/en\/wp-json\/wp\/v2\/comments?post=1871"}],"version-history":[{"count":2,"href":"https:\/\/conceito.eu\/en\/wp-json\/wp\/v2\/pages\/1871\/revisions"}],"predecessor-version":[{"id":1873,"href":"https:\/\/conceito.eu\/en\/wp-json\/wp\/v2\/pages\/1871\/revisions\/1873"}],"wp:attachment":[{"href":"https:\/\/conceito.eu\/en\/wp-json\/wp\/v2\/media?parent=1871"}],"curies":[{"name":"wp","href":"https:\/\/api.w.org\/{rel}","templated":true}]}}